{"id":123,"date":"2023-08-22T04:20:37","date_gmt":"2023-08-22T02:20:37","guid":{"rendered":"https:\/\/camuroproducciones.cl\/?page_id=123"},"modified":"2023-08-24T22:57:27","modified_gmt":"2023-08-24T20:57:27","slug":"productos","status":"publish","type":"page","link":"https:\/\/camuroproducciones.cl\/?page_id=123","title":{"rendered":"Productos"},"content":{"rendered":"\t\t<div data-elementor-type=\"wp-page\" data-elementor-id=\"123\" class=\"elementor elementor-123\" data-elementor-post-type=\"page\">\n\t\t\t\t\t\t\t\t\t<section class=\"elementor-section elementor-top-section elementor-element elementor-element-525f7d6 elementor-section-height-min-height elementor-section-boxed elementor-section-height-default elementor-section-items-middle\" data-id=\"525f7d6\" data-element_type=\"section\">\n\t\t\t\t\t\t<div class=\"elementor-container elementor-column-gap-default\">\n\t\t\t\t\t<div class=\"elementor-column elementor-col-100 elementor-top-column elementor-element elementor-element-d29906f\" data-id=\"d29906f\" data-element_type=\"column\" data-settings=\"{&quot;background_background&quot;:&quot;classic&quot;}\">\n\t\t\t<div class=\"elementor-widget-wrap elementor-element-populated\">\n\t\t\t\t\t\t\t\t<section class=\"elementor-section elementor-inner-section elementor-element elementor-element-6f6d459 elementor-section-boxed elementor-section-height-default elementor-section-height-default\" data-id=\"6f6d459\" data-element_type=\"section\">\n\t\t\t\t\t\t<div class=\"elementor-container elementor-column-gap-default\">\n\t\t\t\t\t<div class=\"elementor-column elementor-col-33 elementor-inner-column elementor-element elementor-element-21bbf45\" data-id=\"21bbf45\" data-element_type=\"column\" data-settings=\"{&quot;background_background&quot;:&quot;classic&quot;}\">\n\t\t\t<div class=\"elementor-widget-wrap elementor-element-populated\">\n\t\t\t\t\t\t\t\t<div class=\"elementor-element elementor-element-24bf3c1 elementor-flip-box--effect-fade elementor-widget__width-initial elementor-widget elementor-widget-flip-box\" data-id=\"24bf3c1\" data-element_type=\"widget\" data-widget_type=\"flip-box.default\">\n\t\t\t\t<div class=\"elementor-widget-container\">\n\t\t\t<link rel=\"stylesheet\" href=\"https:\/\/camuroproducciones.cl\/wp-content\/plugins\/elementor-pro-2\/assets\/css\/widget-flip-box.min.css\">\t\t<div class=\"elementor-flip-box\" tabindex=\"0\">\n\t\t\t<div class=\"elementor-flip-box__layer elementor-flip-box__front\">\n\t\t\t\t<div class=\"elementor-flip-box__layer__overlay\">\n\t\t\t\t\t<div class=\"elementor-flip-box__layer__inner\">\n\t\t\t\t\t\t\n\t\t\t\t\t\t\t\t\t\t\t\t\t<h3 class=\"elementor-flip-box__layer__title\">\n\t\t\t\t\t\t\t\tVESTUARIO TEATRAL Y ESC\u00c9NICO\t\t\t\t\t\t\t<\/h3>\n\t\t\t\t\t\t\n\t\t\t\t\t\t\t\t\t\t\t<\/div>\n\t\t\t\t<\/div>\n\t\t\t<\/div>\n\t\t\t<a class=\"elementor-flip-box__layer elementor-flip-box__back\" href=\"https:\/\/wa.me\/message\/JYHSGPDK2G47A1\">\n\t\t\t<div class=\"elementor-flip-box__layer__overlay\">\n\t\t\t\t<div class=\"elementor-flip-box__layer__inner\">\n\t\t\t\t\t\t\t\t\t\t\t<h3 class=\"elementor-flip-box__layer__title\">\n\t\t\t\t\t\t\tVESTUARIO TEATRAL Y ESC\u00c9NICO\t\t\t\t\t\t<\/h3>\n\t\t\t\t\t\n\t\t\t\t\t\n\t\t\t\t\t\t\t\t\t\t\t<span class=\"elementor-flip-box__button elementor-button elementor-size-sm\">\n\t\t\t\t\t\t\tEst\u00e1 aqu\u00ed\t\t\t\t\t\t<\/span>\n\t\t\t\t\t\t\t\t<\/div>\n\t\t<\/div>\n\t\t<\/a>\n\t\t<\/div>\n\t\t\t\t<\/div>\n\t\t\t\t<\/div>\n\t\t\t\t\t<\/div>\n\t\t<\/div>\n\t\t\t\t<div class=\"elementor-column elementor-col-33 elementor-inner-column elementor-element elementor-element-7c949e7\" data-id=\"7c949e7\" data-element_type=\"column\">\n\t\t\t<div class=\"elementor-widget-wrap elementor-element-populated\">\n\t\t\t\t\t\t\t\t<div class=\"elementor-element elementor-element-de12afa elementor-flip-box--effect-fade elementor-widget__width-initial elementor-widget elementor-widget-flip-box\" data-id=\"de12afa\" data-element_type=\"widget\" data-widget_type=\"flip-box.default\">\n\t\t\t\t<div class=\"elementor-widget-container\">\n\t\t\t\t\t<div class=\"elementor-flip-box\" tabindex=\"0\">\n\t\t\t<div class=\"elementor-flip-box__layer elementor-flip-box__front\">\n\t\t\t\t<div class=\"elementor-flip-box__layer__overlay\">\n\t\t\t\t\t<div class=\"elementor-flip-box__layer__inner\">\n\t\t\t\t\t\t\n\t\t\t\t\t\t\t\t\t\t\t\t\t<h3 class=\"elementor-flip-box__layer__title\">\n\t\t\t\t\t\t\t\tVESTUARIO DE FICCI\u00d3N\t\t\t\t\t\t\t<\/h3>\n\t\t\t\t\t\t\n\t\t\t\t\t\t\t\t\t\t\t<\/div>\n\t\t\t\t<\/div>\n\t\t\t<\/div>\n\t\t\t<a class=\"elementor-flip-box__layer elementor-flip-box__back\" href=\"https:\/\/wa.me\/message\/JYHSGPDK2G47A1\">\n\t\t\t<div class=\"elementor-flip-box__layer__overlay\">\n\t\t\t\t<div class=\"elementor-flip-box__layer__inner\">\n\t\t\t\t\t\t\t\t\t\t\t<h3 class=\"elementor-flip-box__layer__title\">\n\t\t\t\t\t\t\tVESTUARIO DE FICCI\u00d3N\t\t\t\t\t\t<\/h3>\n\t\t\t\t\t\n\t\t\t\t\t\n\t\t\t\t\t\t\t\t\t\t\t<span class=\"elementor-flip-box__button elementor-button elementor-size-sm\">\n\t\t\t\t\t\t\tArrienda aqu\u00ed\t\t\t\t\t\t<\/span>\n\t\t\t\t\t\t\t\t<\/div>\n\t\t<\/div>\n\t\t<\/a>\n\t\t<\/div>\n\t\t\t\t<\/div>\n\t\t\t\t<\/div>\n\t\t\t\t<div class=\"elementor-element elementor-element-1d3dc5d elementor-flip-box--effect-fade elementor-widget__width-initial elementor-widget elementor-widget-flip-box\" data-id=\"1d3dc5d\" data-element_type=\"widget\" data-widget_type=\"flip-box.default\">\n\t\t\t\t<div class=\"elementor-widget-container\">\n\t\t\t\t\t<div class=\"elementor-flip-box\" tabindex=\"0\">\n\t\t\t<div class=\"elementor-flip-box__layer elementor-flip-box__front\">\n\t\t\t\t<div class=\"elementor-flip-box__layer__overlay\">\n\t\t\t\t\t<div class=\"elementor-flip-box__layer__inner\">\n\t\t\t\t\t\t\n\t\t\t\t\t\t\t\t\t\t\t\t\t<h3 class=\"elementor-flip-box__layer__title\">\n\t\t\t\t\t\t\t\tVESTUARIO DE RECREACI\u00d3N HIST\u00d3RICA\t\t\t\t\t\t\t<\/h3>\n\t\t\t\t\t\t\n\t\t\t\t\t\t\t\t\t\t\t<\/div>\n\t\t\t\t<\/div>\n\t\t\t<\/div>\n\t\t\t<a class=\"elementor-flip-box__layer elementor-flip-box__back\" href=\"https:\/\/wa.me\/message\/JYHSGPDK2G47A1\">\n\t\t\t<div class=\"elementor-flip-box__layer__overlay\">\n\t\t\t\t<div class=\"elementor-flip-box__layer__inner\">\n\t\t\t\t\t\t\t\t\t\t\t<h3 class=\"elementor-flip-box__layer__title\">\n\t\t\t\t\t\t\tVESTUARIO DE RECREACI\u00d3N HIST\u00d3RICA\t\t\t\t\t\t<\/h3>\n\t\t\t\t\t\n\t\t\t\t\t\n\t\t\t\t\t\t\t\t\t\t\t<span class=\"elementor-flip-box__button elementor-button elementor-size-sm\">\n\t\t\t\t\t\t\tCotiza aqu\u00ed\t\t\t\t\t\t<\/span>\n\t\t\t\t\t\t\t\t<\/div>\n\t\t<\/div>\n\t\t<\/a>\n\t\t<\/div>\n\t\t\t\t<\/div>\n\t\t\t\t<\/div>\n\t\t\t\t\t<\/div>\n\t\t<\/div>\n\t\t\t\t<div class=\"elementor-column elementor-col-33 elementor-inner-column elementor-element elementor-element-d571245\" data-id=\"d571245\" data-element_type=\"column\" data-settings=\"{&quot;background_background&quot;:&quot;classic&quot;}\">\n\t\t\t<div class=\"elementor-widget-wrap elementor-element-populated\">\n\t\t\t\t\t\t\t\t<div class=\"elementor-element elementor-element-6e13c25 elementor-flip-box--effect-fade elementor-widget__width-initial elementor-widget elementor-widget-flip-box\" data-id=\"6e13c25\" data-element_type=\"widget\" data-widget_type=\"flip-box.default\">\n\t\t\t\t<div class=\"elementor-widget-container\">\n\t\t\t\t\t<div class=\"elementor-flip-box\" tabindex=\"0\">\n\t\t\t<div class=\"elementor-flip-box__layer elementor-flip-box__front\">\n\t\t\t\t<div class=\"elementor-flip-box__layer__overlay\">\n\t\t\t\t\t<div class=\"elementor-flip-box__layer__inner\">\n\t\t\t\t\t\t\n\t\t\t\t\t\t\t\t\t\t\t\t\t<h3 class=\"elementor-flip-box__layer__title\">\n\t\t\t\t\t\t\t\tVESTUARIO PERSONALIZADO\t\t\t\t\t\t\t<\/h3>\n\t\t\t\t\t\t\n\t\t\t\t\t\t\t\t\t\t\t<\/div>\n\t\t\t\t<\/div>\n\t\t\t<\/div>\n\t\t\t<a class=\"elementor-flip-box__layer elementor-flip-box__back\" href=\"https:\/\/wa.me\/message\/JYHSGPDK2G47A1\">\n\t\t\t<div class=\"elementor-flip-box__layer__overlay\">\n\t\t\t\t<div class=\"elementor-flip-box__layer__inner\">\n\t\t\t\t\t\t\t\t\t\t\t<h3 class=\"elementor-flip-box__layer__title\">\n\t\t\t\t\t\t\tVESTUARIO PERSONALIZADO\t\t\t\t\t\t<\/h3>\n\t\t\t\t\t\n\t\t\t\t\t\n\t\t\t\t\t\t\t\t\t\t\t<span class=\"elementor-flip-box__button elementor-button elementor-size-sm\">\n\t\t\t\t\t\t\tClick Aqu\u00ed\t\t\t\t\t\t<\/span>\n\t\t\t\t\t\t\t\t<\/div>\n\t\t<\/div>\n\t\t<\/a>\n\t\t<\/div>\n\t\t\t\t<\/div>\n\t\t\t\t<\/div>\n\t\t\t\t<div class=\"elementor-element elementor-element-285dc0e elementor-flip-box--effect-fade elementor-widget__width-initial elementor-widget elementor-widget-flip-box\" data-id=\"285dc0e\" data-element_type=\"widget\" data-widget_type=\"flip-box.default\">\n\t\t\t\t<div class=\"elementor-widget-container\">\n\t\t\t\t\t<div class=\"elementor-flip-box\" tabindex=\"0\">\n\t\t\t<div class=\"elementor-flip-box__layer elementor-flip-box__front\">\n\t\t\t\t<div class=\"elementor-flip-box__layer__overlay\">\n\t\t\t\t\t<div class=\"elementor-flip-box__layer__inner\">\n\t\t\t\t\t\t\n\t\t\t\t\t\t\t\t\t\t\t\t\t<h3 class=\"elementor-flip-box__layer__title\">\n\t\t\t\t\t\t\t\tVESTUARIO TEM\u00c1TICO\t\t\t\t\t\t\t<\/h3>\n\t\t\t\t\t\t\n\t\t\t\t\t\t\t\t\t\t\t<\/div>\n\t\t\t\t<\/div>\n\t\t\t<\/div>\n\t\t\t<a class=\"elementor-flip-box__layer elementor-flip-box__back\" href=\"https:\/\/wa.me\/message\/JYHSGPDK2G47A1\">\n\t\t\t<div class=\"elementor-flip-box__layer__overlay\">\n\t\t\t\t<div class=\"elementor-flip-box__layer__inner\">\n\t\t\t\t\t\t\t\t\t\t\t<h3 class=\"elementor-flip-box__layer__title\">\n\t\t\t\t\t\t\tVESTUARIO TEM\u00c1TICO\t\t\t\t\t\t<\/h3>\n\t\t\t\t\t\n\t\t\t\t\t\n\t\t\t\t\t\t\t\t\t\t\t<span class=\"elementor-flip-box__button elementor-button elementor-size-sm\">\n\t\t\t\t\t\t\tClick Aqu\u00ed\t\t\t\t\t\t<\/span>\n\t\t\t\t\t\t\t\t<\/div>\n\t\t<\/div>\n\t\t<\/a>\n\t\t<\/div>\n\t\t\t\t<\/div>\n\t\t\t\t<\/div>\n\t\t\t\t\t<\/div>\n\t\t<\/div>\n\t\t\t\t\t\t\t<\/div>\n\t\t<\/section>\n\t\t\t\t\t<\/div>\n\t\t<\/div>\n\t\t\t\t\t\t\t<\/div>\n\t\t<\/section>\n\t\t\t\t<section class=\"elementor-section elementor-top-section elementor-element elementor-element-2d1736b elementor-section-boxed elementor-section-height-default elementor-section-height-default\" data-id=\"2d1736b\" data-element_type=\"section\">\n\t\t\t\t\t\t<div class=\"elementor-container elementor-column-gap-default\">\n\t\t\t\t\t<div class=\"elementor-column elementor-col-100 elementor-top-column elementor-element elementor-element-11719fd\" data-id=\"11719fd\" data-element_type=\"column\">\n\t\t\t<div class=\"elementor-widget-wrap elementor-element-populated\">\n\t\t\t\t\t\t\t\t<div class=\"elementor-element elementor-element-d04e073 elementor-product-loop-item--align-center elementor-grid-4 elementor-grid-tablet-3 elementor-grid-mobile-2 elementor-products-grid elementor-wc-products elementor-show-pagination-border-yes elementor-widget elementor-widget-woocommerce-products\" data-id=\"d04e073\" data-element_type=\"widget\" data-widget_type=\"woocommerce-products.default\">\n\t\t\t\t<div class=\"elementor-widget-container\">\n\t\t\t<link rel=\"stylesheet\" href=\"https:\/\/camuroproducciones.cl\/wp-content\/plugins\/elementor-pro-2\/assets\/css\/widget-woocommerce.min.css\"><div class=\"woocommerce columns-4 \"><div class=\"woocommerce-notices-wrapper\"><\/div><p class=\"woocommerce-result-count\">\n\tShowing 1&ndash;8 of 12 results<\/p>\n<form class=\"woocommerce-ordering\" method=\"get\">\n\t<select name=\"orderby\" class=\"orderby\" aria-label=\"Shop order\">\n\t\t\t\t\t<option value=\"menu_order\"  selected='selected'>Orden predeterminado<\/option>\n\t\t\t\t\t<option value=\"popularity\" >Ordenar por popularidad<\/option>\n\t\t\t\t\t<option value=\"rating\" >Ordenar por calificaci\u00f3n media<\/option>\n\t\t\t\t\t<option value=\"date\" >Ordenar por las \u00faltimas<\/option>\n\t\t\t\t\t<option value=\"price\" >Ordenar por precio: bajo a alto<\/option>\n\t\t\t\t\t<option value=\"price-desc\" >Ordenar por precio: alto a bajo<\/option>\n\t\t\t<\/select>\n\t<input type=\"hidden\" name=\"paged\" value=\"1\" \/>\n\t<input type=\"hidden\" name=\"rest_route\" value=\"\/wp\/v2\/pages\/123\" \/><\/form>\n<ul class=\"products elementor-grid columns-4\">\n<li class=\"product type-product post-145 status-publish first instock product_cat-uncategorized has-post-thumbnail shipping-taxable product-type-simple\">\n\t<a href=\"https:\/\/camuroproducciones.cl\/?product=camisa-hombre-blanca\" class=\"woocommerce-LoopProduct-link woocommerce-loop-product__link\"><img loading=\"lazy\" decoding=\"async\" width=\"300\" height=\"300\" src=\"https:\/\/camuroproducciones.cl\/wp-content\/uploads\/2023\/08\/camisa-medieval-300x300.jpg\" class=\"attachment-woocommerce_thumbnail size-woocommerce_thumbnail\" alt=\"\" srcset=\"https:\/\/camuroproducciones.cl\/wp-content\/uploads\/2023\/08\/camisa-medieval-300x300.jpg 300w, https:\/\/camuroproducciones.cl\/wp-content\/uploads\/2023\/08\/camisa-medieval-150x150.jpg 150w, https:\/\/camuroproducciones.cl\/wp-content\/uploads\/2023\/08\/camisa-medieval-100x100.jpg 100w\" sizes=\"(max-width: 300px) 100vw, 300px\" \/><h2 class=\"woocommerce-loop-product__title\">Camisa Hombre Blanca<\/h2>\n<\/a><a href=\"https:\/\/camuroproducciones.cl\/?product=camisa-hombre-blanca\" data-quantity=\"1\" class=\"button product_type_simple\" data-product_id=\"145\" data-product_sku=\"\" aria-label=\"Lee m\u00e1s sobre &ldquo;Camisa Hombre Blanca&rdquo;\" aria-describedby=\"\" rel=\"nofollow\">Leer m\u00e1s<\/a><\/li>\n<li class=\"product type-product post-144 status-publish instock product_cat-uncategorized has-post-thumbnail shipping-taxable product-type-simple\">\n\t<a href=\"https:\/\/camuroproducciones.cl\/?product=camisa-hombre-roja\" class=\"woocommerce-LoopProduct-link woocommerce-loop-product__link\"><img loading=\"lazy\" decoding=\"async\" width=\"300\" height=\"300\" src=\"https:\/\/camuroproducciones.cl\/wp-content\/uploads\/2023\/08\/camisa-4-300x300.jpg\" class=\"attachment-woocommerce_thumbnail size-woocommerce_thumbnail\" alt=\"\" srcset=\"https:\/\/camuroproducciones.cl\/wp-content\/uploads\/2023\/08\/camisa-4-300x300.jpg 300w, https:\/\/camuroproducciones.cl\/wp-content\/uploads\/2023\/08\/camisa-4-150x150.jpg 150w, https:\/\/camuroproducciones.cl\/wp-content\/uploads\/2023\/08\/camisa-4-100x100.jpg 100w\" sizes=\"(max-width: 300px) 100vw, 300px\" \/><h2 class=\"woocommerce-loop-product__title\">Camisa Hombre Roja<\/h2>\n<\/a><a href=\"https:\/\/camuroproducciones.cl\/?product=camisa-hombre-roja\" data-quantity=\"1\" class=\"button product_type_simple\" data-product_id=\"144\" data-product_sku=\"\" aria-label=\"Lee m\u00e1s sobre &ldquo;Camisa Hombre Roja&rdquo;\" aria-describedby=\"\" rel=\"nofollow\">Leer m\u00e1s<\/a><\/li>\n<li class=\"product type-product post-131 status-publish instock product_cat-uncategorized has-post-thumbnail shipping-taxable product-type-simple\">\n\t<a href=\"https:\/\/camuroproducciones.cl\/?product=camisa-mujer-blanca\" class=\"woocommerce-LoopProduct-link woocommerce-loop-product__link\"><img loading=\"lazy\" decoding=\"async\" width=\"300\" height=\"300\" src=\"https:\/\/camuroproducciones.cl\/wp-content\/uploads\/2023\/08\/1-camisa-mujer-300x300.jpg\" class=\"attachment-woocommerce_thumbnail size-woocommerce_thumbnail\" alt=\"\" srcset=\"https:\/\/camuroproducciones.cl\/wp-content\/uploads\/2023\/08\/1-camisa-mujer-300x300.jpg 300w, https:\/\/camuroproducciones.cl\/wp-content\/uploads\/2023\/08\/1-camisa-mujer-150x150.jpg 150w, https:\/\/camuroproducciones.cl\/wp-content\/uploads\/2023\/08\/1-camisa-mujer-100x100.jpg 100w\" sizes=\"(max-width: 300px) 100vw, 300px\" \/><h2 class=\"woocommerce-loop-product__title\">Camisa Mujer Blanca<\/h2>\n<\/a><a href=\"https:\/\/camuroproducciones.cl\/?product=camisa-mujer-blanca\" data-quantity=\"1\" class=\"button product_type_simple\" data-product_id=\"131\" data-product_sku=\"\" aria-label=\"Lee m\u00e1s sobre &ldquo;Camisa Mujer Blanca&rdquo;\" aria-describedby=\"\" rel=\"nofollow\">Leer m\u00e1s<\/a><\/li>\n<li class=\"product type-product post-141 status-publish last instock product_cat-uncategorized has-post-thumbnail shipping-taxable product-type-simple\">\n\t<a href=\"https:\/\/camuroproducciones.cl\/?product=camisa-mujer-negra\" class=\"woocommerce-LoopProduct-link woocommerce-loop-product__link\"><img loading=\"lazy\" decoding=\"async\" width=\"300\" height=\"300\" src=\"https:\/\/camuroproducciones.cl\/wp-content\/uploads\/2023\/08\/4-camisa-mujer-300x300.jpg\" class=\"attachment-woocommerce_thumbnail size-woocommerce_thumbnail\" alt=\"\" srcset=\"https:\/\/camuroproducciones.cl\/wp-content\/uploads\/2023\/08\/4-camisa-mujer-300x300.jpg 300w, https:\/\/camuroproducciones.cl\/wp-content\/uploads\/2023\/08\/4-camisa-mujer-150x150.jpg 150w, https:\/\/camuroproducciones.cl\/wp-content\/uploads\/2023\/08\/4-camisa-mujer-100x100.jpg 100w\" sizes=\"(max-width: 300px) 100vw, 300px\" \/><h2 class=\"woocommerce-loop-product__title\">Camisa Mujer negra<\/h2>\n<\/a><a href=\"https:\/\/camuroproducciones.cl\/?product=camisa-mujer-negra\" data-quantity=\"1\" class=\"button product_type_simple\" data-product_id=\"141\" data-product_sku=\"\" aria-label=\"Lee m\u00e1s sobre &ldquo;Camisa Mujer negra&rdquo;\" aria-describedby=\"\" rel=\"nofollow\">Leer m\u00e1s<\/a><\/li>\n<li class=\"product type-product post-142 status-publish first instock product_cat-uncategorized has-post-thumbnail shipping-taxable product-type-simple\">\n\t<a href=\"https:\/\/camuroproducciones.cl\/?product=camisa-mujer-roja\" class=\"woocommerce-LoopProduct-link woocommerce-loop-product__link\"><img loading=\"lazy\" decoding=\"async\" width=\"300\" height=\"300\" src=\"https:\/\/camuroproducciones.cl\/wp-content\/uploads\/2023\/08\/3-camisa-mujer-300x300.jpg\" class=\"attachment-woocommerce_thumbnail size-woocommerce_thumbnail\" alt=\"\" srcset=\"https:\/\/camuroproducciones.cl\/wp-content\/uploads\/2023\/08\/3-camisa-mujer-300x300.jpg 300w, https:\/\/camuroproducciones.cl\/wp-content\/uploads\/2023\/08\/3-camisa-mujer-150x150.jpg 150w, https:\/\/camuroproducciones.cl\/wp-content\/uploads\/2023\/08\/3-camisa-mujer-100x100.jpg 100w\" sizes=\"(max-width: 300px) 100vw, 300px\" \/><h2 class=\"woocommerce-loop-product__title\">Camisa Mujer Roja<\/h2>\n<\/a><a href=\"https:\/\/camuroproducciones.cl\/?product=camisa-mujer-roja\" data-quantity=\"1\" class=\"button product_type_simple\" data-product_id=\"142\" data-product_sku=\"\" aria-label=\"Lee m\u00e1s sobre &ldquo;Camisa Mujer Roja&rdquo;\" aria-describedby=\"\" rel=\"nofollow\">Leer m\u00e1s<\/a><\/li>\n<li class=\"product type-product post-143 status-publish instock product_cat-uncategorized has-post-thumbnail shipping-taxable product-type-simple\">\n\t<a href=\"https:\/\/camuroproducciones.cl\/?product=camisa-mujer-rosada\" class=\"woocommerce-LoopProduct-link woocommerce-loop-product__link\"><img loading=\"lazy\" decoding=\"async\" width=\"300\" height=\"300\" src=\"https:\/\/camuroproducciones.cl\/wp-content\/uploads\/2023\/08\/2-camisa-mujer-300x300.jpg\" class=\"attachment-woocommerce_thumbnail size-woocommerce_thumbnail\" alt=\"\" srcset=\"https:\/\/camuroproducciones.cl\/wp-content\/uploads\/2023\/08\/2-camisa-mujer-300x300.jpg 300w, https:\/\/camuroproducciones.cl\/wp-content\/uploads\/2023\/08\/2-camisa-mujer-150x150.jpg 150w, https:\/\/camuroproducciones.cl\/wp-content\/uploads\/2023\/08\/2-camisa-mujer-100x100.jpg 100w\" sizes=\"(max-width: 300px) 100vw, 300px\" \/><h2 class=\"woocommerce-loop-product__title\">Camisa Mujer Rosada<\/h2>\n<\/a><a href=\"https:\/\/camuroproducciones.cl\/?product=camisa-mujer-rosada\" data-quantity=\"1\" class=\"button product_type_simple\" data-product_id=\"143\" data-product_sku=\"\" aria-label=\"Lee m\u00e1s sobre &ldquo;Camisa Mujer Rosada&rdquo;\" aria-describedby=\"\" rel=\"nofollow\">Leer m\u00e1s<\/a><\/li>\n<li class=\"product type-product post-146 status-publish instock product_cat-uncategorized has-post-thumbnail shipping-taxable product-type-simple\">\n\t<a href=\"https:\/\/camuroproducciones.cl\/?product=capa-mixta\" class=\"woocommerce-LoopProduct-link woocommerce-loop-product__link\"><img loading=\"lazy\" decoding=\"async\" width=\"300\" height=\"300\" src=\"https:\/\/camuroproducciones.cl\/wp-content\/uploads\/2023\/08\/7-1-300x300.jpg\" class=\"attachment-woocommerce_thumbnail size-woocommerce_thumbnail\" alt=\"\" srcset=\"https:\/\/camuroproducciones.cl\/wp-content\/uploads\/2023\/08\/7-1-300x300.jpg 300w, https:\/\/camuroproducciones.cl\/wp-content\/uploads\/2023\/08\/7-1-150x150.jpg 150w, https:\/\/camuroproducciones.cl\/wp-content\/uploads\/2023\/08\/7-1-100x100.jpg 100w\" sizes=\"(max-width: 300px) 100vw, 300px\" \/><h2 class=\"woocommerce-loop-product__title\">Capa Mixta<\/h2>\n<\/a><a href=\"https:\/\/camuroproducciones.cl\/?product=capa-mixta\" data-quantity=\"1\" class=\"button product_type_simple\" data-product_id=\"146\" data-product_sku=\"\" aria-label=\"Lee m\u00e1s sobre &ldquo;Capa Mixta&rdquo;\" aria-describedby=\"\" rel=\"nofollow\">Leer m\u00e1s<\/a><\/li>\n<li class=\"product type-product post-147 status-publish last instock product_cat-uncategorized has-post-thumbnail shipping-taxable product-type-simple\">\n\t<a href=\"https:\/\/camuroproducciones.cl\/?product=diseno-cosplay-a-pedido\" class=\"woocommerce-LoopProduct-link woocommerce-loop-product__link\"><img loading=\"lazy\" decoding=\"async\" width=\"300\" height=\"300\" src=\"https:\/\/camuroproducciones.cl\/wp-content\/uploads\/2023\/08\/Cuadro-Vestuario-Ficcion--300x300.jpg\" class=\"attachment-woocommerce_thumbnail size-woocommerce_thumbnail\" alt=\"\" srcset=\"https:\/\/camuroproducciones.cl\/wp-content\/uploads\/2023\/08\/Cuadro-Vestuario-Ficcion--300x300.jpg 300w, https:\/\/camuroproducciones.cl\/wp-content\/uploads\/2023\/08\/Cuadro-Vestuario-Ficcion--150x150.jpg 150w, https:\/\/camuroproducciones.cl\/wp-content\/uploads\/2023\/08\/Cuadro-Vestuario-Ficcion--100x100.jpg 100w\" sizes=\"(max-width: 300px) 100vw, 300px\" \/><h2 class=\"woocommerce-loop-product__title\">Dise\u00f1o Cosplay a pedido<\/h2>\n<\/a><a href=\"https:\/\/camuroproducciones.cl\/?product=diseno-cosplay-a-pedido\" data-quantity=\"1\" class=\"button product_type_simple\" data-product_id=\"147\" data-product_sku=\"\" aria-label=\"Lee m\u00e1s sobre &ldquo;Dise\u00f1o Cosplay a pedido&rdquo;\" aria-describedby=\"\" rel=\"nofollow\">Leer m\u00e1s<\/a><\/li>\n<\/ul>\n<nav class=\"woocommerce-pagination\">\n\t<ul class='page-numbers'>\n\t<li><span aria-current=\"page\" class=\"page-numbers current\">1<\/span><\/li>\n\t<li><a class=\"page-numbers\" href=\"\/index.php?rest_route=%2Fwp%2Fv2%2Fpages%2F123&#038;product-page=2\">2<\/a><\/li>\n\t<li><a class=\"next page-numbers\" href=\"\/index.php?rest_route=%2Fwp%2Fv2%2Fpages%2F123&#038;product-page=2\">&rarr;<\/a><\/li>\n<\/ul>\n<\/nav>\n<\/div>\t\t<\/div>\n\t\t\t\t<\/div>\n\t\t\t\t\t<\/div>\n\t\t<\/div>\n\t\t\t\t\t\t\t<\/div>\n\t\t<\/section>\n\t\t\t\t\t\t\t<\/div>\n\t\t","protected":false},"excerpt":{"rendered":"<p>VESTUARIO TEATRAL Y ESC\u00c9NICO VESTUARIO TEATRAL Y ESC\u00c9NICO Est\u00e1 aqu\u00ed VESTUARIO DE FICCI\u00d3N VESTUARIO DE FICCI\u00d3N Arrienda aqu\u00ed VESTUARIO DE RECREACI\u00d3N HIST\u00d3RICA VESTUARIO DE RECREACI\u00d3N HIST\u00d3RICA Cotiza aqu\u00ed VESTUARIO PERSONALIZADO VESTUARIO PERSONALIZADO Click Aqu\u00ed VESTUARIO TEM\u00c1TICO VESTUARIO TEM\u00c1TICO Click Aqu\u00ed<\/p>\n","protected":false},"author":1,"featured_media":0,"parent":0,"menu_order":0,"comment_status":"closed","ping_status":"closed","template":"elementor_header_footer","meta":{"_monsterinsights_skip_tracking":false,"_monsterinsights_sitenote_active":false,"_monsterinsights_sitenote_note":"","_monsterinsights_sitenote_category":0,"footnotes":""},"aioseo_notices":[],"_links":{"self":[{"href":"https:\/\/camuroproducciones.cl\/index.php?rest_route=\/wp\/v2\/pages\/123"}],"collection":[{"href":"https:\/\/camuroproducciones.cl\/index.php?rest_route=\/wp\/v2\/pages"}],"about":[{"href":"https:\/\/camuroproducciones.cl\/index.php?rest_route=\/wp\/v2\/types\/page"}],"author":[{"embeddable":true,"href":"https:\/\/camuroproducciones.cl\/index.php?rest_route=\/wp\/v2\/users\/1"}],"replies":[{"embeddable":true,"href":"https:\/\/camuroproducciones.cl\/index.php?rest_route=%2Fwp%2Fv2%2Fcomments&post=123"}],"version-history":[{"count":16,"href":"https:\/\/camuroproducciones.cl\/index.php?rest_route=\/wp\/v2\/pages\/123\/revisions"}],"predecessor-version":[{"id":227,"href":"https:\/\/camuroproducciones.cl\/index.php?rest_route=\/wp\/v2\/pages\/123\/revisions\/227"}],"wp:attachment":[{"href":"https:\/\/camuroproducciones.cl\/index.php?rest_route=%2Fwp%2Fv2%2Fmedia&parent=123"}],"curies":[{"name":"wp","href":"https:\/\/api.w.org\/{rel}","templated":true}]}}